{"id":1904,"date":"2015-07-06T08:26:09","date_gmt":"2015-07-06T08:26:09","guid":{"rendered":"http:\/\/demo.thimpress.com\/resca\/?page_id=5"},"modified":"2016-05-09T12:31:11","modified_gmt":"2016-05-09T12:31:11","slug":"about-us","status":"publish","type":"page","link":"https:\/\/www.hinnitalu.com\/en\/about-us\/","title":{"rendered":"About us"},"content":{"rendered":"<div id=\"pl-1904\"  class=\"panel-layout\" ><div id=\"pg-1904-0\"  class=\"panel-grid panel-no-style\" ><div id=\"pgc-1904-0-0\"  class=\"panel-grid-cell\" ><div id=\"panel-1904-0-0-0\" class=\"so-panel widget widget_icon-box panel-first-child panel-last-child\" data-index=\"0\" ><div class=\"panel-widget-style panel-widget-style-for-1904-0-0-0\" ><div class=\"thim-widget-icon-box thim-widget-icon-box-base template-base\"><div class=\"inner-box \"><div style=\"background-image:url()\" class=\"wrapper-box-icon text-center   wrapper-line-heading\" ><div class=\"smicon-box iconbox-top\"><div class=\"content-inner\" ><div class=\"sc-heading article_heading\"><h3 class = \"heading__primary\" >Hinni Talu - Where Every Stay Is Unique<\/h3><span class=\"line-heading\"><span><\/span><\/span><\/div><div class=\"desc-icon-box\"><div ><p>Hinni Tourist Farm is located on V\u00f5ru-Haanja hilly terrain,  10-minutes drive away from V\u00f5ru. Our Tourist Farm offers accommodation up to 16 people, additionally there is possibility for camping. The house has a large open room which can be used for a variety of events (meetings, conferences, trainings, parties). House is surrounded with 900 m2 maintained green area for camping, campfire, barbecue or yard games. There is a pond in the farmyard where You can relax and enjoy cooling water after hot sauna. <br>\nNearby You can find many different types of  sightseeings and hiking locations: swamp lake where You can meet common cranes in early spring time or see beaver family in daily actions, K\u00fctiorg (the deepest valley in Estonia), R\u00f5uge Primeval Valley \/ \u00d6\u00f6bikuorg, Hinni Canyon, Vastseliina Episcopal Castle, Suur Munam\u00e4gi (highest hill in Estonia and in the Baltics States) etc.\n<p><b><i>Hinni Tourist Farm offers  the beauty of nature for all \u2013 a quiet and private place to rest and organize gatherings with friends, family or colleagues.<\/i><\/b><\/p><\/div><\/div><\/div><\/div><!--end smicon-box--><\/div><\/div><style>\n\t.smicon-read:hover{\n\t\tcolor: !important;\n\t\tbackground: !important;\n\t}\n\t.smicon-box .boxes-icon:hover{\n\t\tcolor: !important;\n\t\tborder-color: !important;\n\t\tbackground-color:  !important;\n\t}\n\t.smicon-box .boxes-icon:hover .icon i{\n\t\tcolor: !important;\n\t}\n<\/style><\/div><\/div><\/div><\/div><\/div><\/div>","protected":false},"excerpt":{"rendered":"<p>Hinni Talu &#8211; Where Every Stay Is UniqueHinni Tourist Farm is located on V\u00f5ru-Haanja hilly terrain,  10-minutes drive away from V\u00f5ru. Our Tourist Farm offers accommodation up to 16 people, additionally there is possibility for camping. The house has a large open room which can be used for a variety of events (meetings, conferences, <\/p>\n","protected":false},"author":1,"featured_media":0,"parent":0,"menu_order":0,"comment_status":"closed","ping_status":"closed","template":"","meta":{"footnotes":""},"_links":{"self":[{"href":"https:\/\/www.hinnitalu.com\/en\/wp-json\/wp\/v2\/pages\/1904"}],"collection":[{"href":"https:\/\/www.hinnitalu.com\/en\/wp-json\/wp\/v2\/pages"}],"about":[{"href":"https:\/\/www.hinnitalu.com\/en\/wp-json\/wp\/v2\/types\/page"}],"author":[{"embeddable":true,"href":"https:\/\/www.hinnitalu.com\/en\/wp-json\/wp\/v2\/users\/1"}],"replies":[{"embeddable":true,"href":"https:\/\/www.hinnitalu.com\/en\/wp-json\/wp\/v2\/comments?post=1904"}],"version-history":[{"count":7,"href":"https:\/\/www.hinnitalu.com\/en\/wp-json\/wp\/v2\/pages\/1904\/revisions"}],"predecessor-version":[{"id":3108,"href":"https:\/\/www.hinnitalu.com\/en\/wp-json\/wp\/v2\/pages\/1904\/revisions\/3108"}],"wp:attachment":[{"href":"https:\/\/www.hinnitalu.com\/en\/wp-json\/wp\/v2\/media?parent=1904"}],"curies":[{"name":"wp","href":"https:\/\/api.w.org\/{rel}","templated":true}]}}