{"id":14,"date":"2015-07-06T08:33:48","date_gmt":"2015-07-06T08:33:48","guid":{"rendered":"http:\/\/demo.thimpress.com\/resca\/?page_id=14"},"modified":"2016-05-10T08:55:51","modified_gmt":"2016-05-10T08:55:51","slug":"contact-us","status":"publish","type":"page","link":"https:\/\/www.hinnitalu.com\/en\/contact-us\/","title":{"rendered":"Contact Us"},"content":{"rendered":"<div id=\"pl-14\"  class=\"panel-layout\" ><div id=\"pg-14-0\"  class=\"panel-grid panel-no-style\" ><div id=\"pgc-14-0-0\"  class=\"panel-grid-cell\" ><div id=\"panel-14-0-0-0\" class=\"so-panel widget widget_icon-box panel-first-child\" data-index=\"0\" ><div class=\"panel-widget-style panel-widget-style-for-14-0-0-0\" ><div class=\"thim-widget-icon-box thim-widget-icon-box-base template-base\"><div class=\"inner-box \"><div style=\"background-image:url()\" class=\"wrapper-box-icon text-center   wrapper-line-heading\" ><div class=\"smicon-box iconbox-top\"><div class=\"content-inner\" ><div class=\"sc-heading article_heading\"><h2 class = \"heading__primary\" >Get in touch<\/h2><span class=\"line-heading\"><span><\/span><\/span><\/div><div class=\"desc-icon-box\"><div >We are also active in social media. You can find us <br \/>on below adresses.<\/div><\/div><\/div><\/div><!--end smicon-box--><\/div><\/div><style>\n\t.smicon-read:hover{\n\t\tcolor: !important;\n\t\tbackground: !important;\n\t}\n\t.smicon-box .boxes-icon:hover{\n\t\tcolor: !important;\n\t\tborder-color: !important;\n\t\tbackground-color:  !important;\n\t}\n\t.smicon-box .boxes-icon:hover .icon i{\n\t\tcolor: !important;\n\t}\n<\/style><\/div><\/div><\/div><div id=\"panel-14-0-0-1\" class=\"so-panel widget widget_icon-box\" data-index=\"1\" ><div class=\"panel-widget-style panel-widget-style-for-14-0-0-1\" ><div class=\"thim-widget-icon-box thim-widget-icon-box-base template-base\"><div class=\"inner-box \"><div style=\"background-image:url()\" class=\"wrapper-box-icon text-center  \" ><div class=\"smicon-box iconbox-top\"><div class=\"boxes-icon\" style=\"width: 50px;\"><span class=\"inner-icon\"><span class=\"icon\"><i class=\"fa fa-map-marker\" style=\"color:#b19261; font-size:20px; line-height:20px; vertical-align: middle;\"><\/i><\/span><\/span><\/div><div class=\"content-inner\" ><div class=\"desc-icon-box\"><div >Hinni Talu, M\u00f5ksi k\u00fcla, V\u00f5ru vald <br \/>\nESTONIA<\/div><\/div><\/div><\/div><!--end smicon-box--><\/div><\/div><style>\n\t.smicon-read:hover{\n\t\tcolor: !important;\n\t\tbackground: !important;\n\t}\n\t.smicon-box .boxes-icon:hover{\n\t\tcolor: !important;\n\t\tborder-color: !important;\n\t\tbackground-color:  !important;\n\t}\n\t.smicon-box .boxes-icon:hover .icon i{\n\t\tcolor: !important;\n\t}\n<\/style><\/div><\/div><\/div><div id=\"panel-14-0-0-2\" class=\"so-panel widget widget_icon-box\" data-index=\"2\" ><div class=\"panel-widget-style panel-widget-style-for-14-0-0-2\" ><div class=\"thim-widget-icon-box thim-widget-icon-box-base template-base\"><div class=\"inner-box \"><div style=\"background-image:url()\" class=\"wrapper-box-icon text-center  \" ><div class=\"smicon-box iconbox-top\"><div class=\"boxes-icon\" style=\"width: 50px;\"><span class=\"inner-icon\"><span class=\"icon\"><i class=\"fa fa-clock-o\" style=\"color:#b19261; font-size:20px; line-height:20px; vertical-align: middle;\"><\/i><\/span><\/span><\/div><div class=\"content-inner\" ><div class=\"desc-icon-box\"><div >Open by agreement<br \/>\n<br \/>\nCall: <strong><a href=\"00-372-56966195?call\">+372 5696 6195<\/a><\/strong><br \/>\nEmail: <strong><a href=\"mailto:info@hinnitalu.com\">info@hinnitalu.com<\/a><\/strong><\/div><\/div><\/div><\/div><!--end smicon-box--><\/div><\/div><style>\n\t.smicon-read:hover{\n\t\tcolor: !important;\n\t\tbackground: !important;\n\t}\n\t.smicon-box .boxes-icon:hover{\n\t\tcolor: !important;\n\t\tborder-color: !important;\n\t\tbackground-color:  !important;\n\t}\n\t.smicon-box .boxes-icon:hover .icon i{\n\t\tcolor: !important;\n\t}\n<\/style><\/div><\/div><\/div><div id=\"panel-14-0-0-3\" class=\"so-panel widget widget_social panel-last-child\" data-index=\"3\" ><div class=\"text-center panel-widget-style panel-widget-style-for-14-0-0-3\" ><div class=\"thim-widget-social thim-widget-social-base template-base\"><div class=\"thim-social version-old\">\n\t\t<ul class=\"social_link\">\n\t\t<li><a class=\"face hasTooltip\"  href=\"https:\/\/www.facebook.com\/hinnitalu\" target=\"_blank\"><i class=\"fa fa-facebook\"><\/i><\/a><\/li>\t<\/ul>\n<\/div><\/div><\/div><\/div><\/div><div id=\"pgc-14-0-1\"  class=\"panel-grid-cell\" ><div id=\"panel-14-0-1-0\" class=\"so-panel widget widget_icon-box panel-first-child\" data-index=\"4\" ><div class=\"thim-widget-icon-box thim-widget-icon-box-base template-base\"><div class=\"inner-box auto-hidden\"><div style=\"background-image:url()\" class=\"wrapper-box-icon text-center   wrapper-line-heading\" ><div class=\"smicon-box iconbox-top\"><div class=\"content-inner\" ><div class=\"sc-heading article_heading\"><h2 class = \"heading__primary\" >Send a message<\/h2><span class=\"line-heading\"><span><\/span><\/span><\/div><div class=\"desc-icon-box\"><div >Do you have anything in your mind to tell us? Please don't hesitate to get in touch to us via our contact form.<\/div><\/div><\/div><\/div><!--end smicon-box--><\/div><\/div><style>\n\t.smicon-read:hover{\n\t\tcolor: !important;\n\t\tbackground: !important;\n\t}\n\t.smicon-box .boxes-icon:hover{\n\t\tcolor: !important;\n\t\tborder-color: !important;\n\t\tbackground-color:  !important;\n\t}\n\t.smicon-box .boxes-icon:hover .icon i{\n\t\tcolor: !important;\n\t}\n<\/style><\/div><\/div><div id=\"panel-14-0-1-1\" class=\"so-panel widget widget_text panel-last-child\" data-index=\"5\" ><div class=\"panel-widget-style panel-widget-style-for-14-0-1-1\" >\t\t\t<div class=\"textwidget\">\n<div class=\"wpcf7 no-js\" id=\"wpcf7-f1915-o1\" lang=\"en-US\" dir=\"ltr\">\n<div class=\"screen-reader-response\"><p role=\"status\" aria-live=\"polite\" aria-atomic=\"true\"><\/p> <ul><\/ul><\/div>\n<form action=\"\/en\/wp-json\/wp\/v2\/pages\/14#wpcf7-f1915-o1\" method=\"post\" class=\"wpcf7-form init\" aria-label=\"Contact form\" novalidate=\"novalidate\" data-status=\"init\">\n<div style=\"display: none;\">\n<input type=\"hidden\" name=\"_wpcf7\" value=\"1915\" \/>\n<input type=\"hidden\" name=\"_wpcf7_version\" value=\"5.9.5\" \/>\n<input type=\"hidden\" name=\"_wpcf7_locale\" value=\"en_US\" \/>\n<input type=\"hidden\" name=\"_wpcf7_unit_tag\" value=\"wpcf7-f1915-o1\" \/>\n<input type=\"hidden\" name=\"_wpcf7_container_post\" value=\"0\" \/>\n<input type=\"hidden\" name=\"_wpcf7_posted_data_hash\" value=\"\" \/>\n<\/div>\n<div class=\"row\">\n\t<div class=\"col-sm-6\">\n\t\t<p><span class=\"wpcf7-form-control-wrap\" data-name=\"your-name\"><input size=\"40\" class=\"wpcf7-form-control wpcf7-text wpcf7-validates-as-required\" aria-required=\"true\" aria-invalid=\"false\" placeholder=\"Full Name\" value=\"\" type=\"text\" name=\"your-name\" \/><\/span>\n\t\t<\/p>\n\t<\/div>\n\t<div class=\"col-sm-6\">\n\t\t<p><span class=\"wpcf7-form-control-wrap\" data-name=\"your-email\"><input size=\"40\" class=\"wpcf7-form-control wpcf7-email wpcf7-validates-as-required wpcf7-text wpcf7-validates-as-email\" aria-required=\"true\" aria-invalid=\"false\" placeholder=\"Your Email\" value=\"\" type=\"email\" name=\"your-email\" \/><\/span>\n\t\t<\/p>\n\t<\/div>\n<\/div>\n<div class=\"row\">\n\t<div class=\"col-sm-12\">\n\t\t<p><span class=\"wpcf7-form-control-wrap\" data-name=\"your-subject\"><input size=\"40\" class=\"wpcf7-form-control wpcf7-text\" aria-invalid=\"false\" placeholder=\"Subject\" value=\"\" type=\"text\" name=\"your-subject\" \/><\/span>\n\t\t<\/p>\n\t<\/div>\n<\/div>\n<div class=\"row\">\n\t<div class=\"col-sm-12\">\n\t\t<p><span class=\"wpcf7-form-control-wrap\" data-name=\"your-message\"><textarea cols=\"40\" rows=\"10\" class=\"wpcf7-form-control wpcf7-textarea wpcf7-validates-as-required\" aria-required=\"true\" aria-invalid=\"false\" placeholder=\"Your Massage\" name=\"your-message\"><\/textarea><\/span>\n\t\t<\/p>\n\t<\/div>\n<\/div>\n<p><input class=\"wpcf7-form-control wpcf7-submit has-spinner\" type=\"submit\" value=\"Send Message\" \/>\n<\/p><div class=\"wpcf7-response-output\" aria-hidden=\"true\"><\/div>\n<\/form>\n<\/div>\n<\/div>\n\t\t<\/div><\/div><\/div><\/div><div id=\"pg-14-1\"  class=\"panel-grid panel-has-style\" ><div class=\"siteorigin-panels-stretch thim-fix-stretched panel-row-style panel-row-style-for-14-1\" data-stretch-type=\"full-stretched\" ><div id=\"pgc-14-1-0\"  class=\"panel-grid-cell\" ><div id=\"panel-14-1-0-0\" class=\"so-panel widget widget_black-studio-tinymce widget_black_studio_tinymce panel-first-child panel-last-child\" data-index=\"6\" ><div class=\"textwidget\"><p><iframe loading=\"lazy\" src=\"https:\/\/www.google.com\/maps\/embed?pb=!1m18!1m12!1m3!1d2125.120234691453!2d27.041121416009887!3d57.77175118114115!2m3!1f0!2f0!3f0!3m2!1i1024!2i768!4f13.1!3m3!1m2!1s0x0%3A0x7aea51d27c04861a!2sHinni+Talu!5e1!3m2!1sen!2sus!4v1462711252571\" width=\"100%\" height=\"350\" frameborder=\"0\" style=\"border:0\" allowfullscreen><\/iframe><\/p>\n<\/div><\/div><\/div><\/div><\/div><\/div>","protected":false},"excerpt":{"rendered":"<p>Get in touchWe are also active in social media. You can find us on below adresses.<br \/>\n\t.smicon-read:hover{<br \/>\n\t\tcolor: !important;<br \/>\n\t\tbackground: !important;<br \/>\n\t}<br \/>\n\t.smicon-box .boxes-icon:hover{<br \/>\n\t\tcolor: !important;<br \/>\n\t\tborder-color: !important;<br \/>\n\t\tbackground-color:  !important;<br \/>\n\t}<br \/>\n\t.smicon-box .boxes-icon:hover .icon i{<br \/>\n\t\tcolor: !important;<br \/>\n\t}<br \/>\nHinni Talu, M\u00f5ksi k\u00fcla, V\u00f5ru vald <br \/>\nESTONIA<br \/>\n\t.smicon-read:hover{<br \/>\n\t\tcolor: !important;<br \/>\n\t\tbackground: !important;<br \/>\n\t}<br \/>\n\t.smicon-box .boxes-icon:hover{<br \n<\/p>\n","protected":false},"author":1,"featured_media":0,"parent":0,"menu_order":0,"comment_status":"closed","ping_status":"open","template":"","meta":{"footnotes":""},"_links":{"self":[{"href":"https:\/\/www.hinnitalu.com\/en\/wp-json\/wp\/v2\/pages\/14"}],"collection":[{"href":"https:\/\/www.hinnitalu.com\/en\/wp-json\/wp\/v2\/pages"}],"about":[{"href":"https:\/\/www.hinnitalu.com\/en\/wp-json\/wp\/v2\/types\/page"}],"author":[{"embeddable":true,"href":"https:\/\/www.hinnitalu.com\/en\/wp-json\/wp\/v2\/users\/1"}],"replies":[{"embeddable":true,"href":"https:\/\/www.hinnitalu.com\/en\/wp-json\/wp\/v2\/comments?post=14"}],"version-history":[{"count":8,"href":"https:\/\/www.hinnitalu.com\/en\/wp-json\/wp\/v2\/pages\/14\/revisions"}],"predecessor-version":[{"id":3260,"href":"https:\/\/www.hinnitalu.com\/en\/wp-json\/wp\/v2\/pages\/14\/revisions\/3260"}],"wp:attachment":[{"href":"https:\/\/www.hinnitalu.com\/en\/wp-json\/wp\/v2\/media?parent=14"}],"curies":[{"name":"wp","href":"https:\/\/api.w.org\/{rel}","templated":true}]}}